{"id":1185,"date":"2024-09-04T18:04:36","date_gmt":"2024-09-04T15:04:36","guid":{"rendered":"https:\/\/ritualmoldova.md\/?page_id=1185"},"modified":"2024-09-11T15:44:22","modified_gmt":"2024-09-11T12:44:22","slug":"accesorii","status":"publish","type":"page","link":"https:\/\/rit.md\/ru\/accesorii\/","title":{"rendered":"Accesorii"},"content":{"rendered":"<div data-elementor-type=\"wp-page\" data-elementor-id=\"1185\" class=\"elementor elementor-1185\" data-elementor-post-type=\"page\">\n\t\t\t\t\t\t<section class=\"elementor-section elementor-top-section elementor-element elementor-element-67152ff elementor-section-boxed elementor-section-height-default elementor-section-height-default\" data-id=\"67152ff\" data-element_type=\"section\" data-settings=\"{&quot;background_background&quot;:&quot;slideshow&quot;,&quot;background_slideshow_gallery&quot;:[{&quot;id&quot;:395,&quot;url&quot;:&quot;https:\\\/\\\/ritualmoldova.md\\\/wp-content\\\/uploads\\\/2024\\\/04\\\/sgbg19.jpg&quot;},{&quot;id&quot;:1042,&quot;url&quot;:&quot;https:\\\/\\\/ritualmoldova.md\\\/wp-content\\\/uploads\\\/2024\\\/08\\\/bg_sg_pachete.jpg&quot;},{&quot;id&quot;:1046,&quot;url&quot;:&quot;https:\\\/\\\/ritualmoldova.md\\\/wp-content\\\/uploads\\\/2024\\\/08\\\/bg_sg_servicii.jpg&quot;},{&quot;id&quot;:845,&quot;url&quot;:&quot;https:\\\/\\\/ritualmoldova.md\\\/wp-content\\\/uploads\\\/2024\\\/08\\\/20.jpg&quot;}],&quot;background_slideshow_ken_burns&quot;:&quot;yes&quot;,&quot;background_slideshow_loop&quot;:&quot;yes&quot;,&quot;background_slideshow_slide_duration&quot;:5000,&quot;background_slideshow_slide_transition&quot;:&quot;fade&quot;,&quot;background_slideshow_transition_duration&quot;:500,&quot;background_slideshow_ken_burns_zoom_direction&quot;:&quot;in&quot;}\">\n\t\t\t\t\t\t<div class=\"elementor-container elementor-column-gap-default\">\n\t\t\t\t\t<div class=\"elementor-column elementor-col-100 elementor-top-column elementor-element elementor-element-108d99c\" data-id=\"108d99c\" data-element_type=\"column\">\n\t\t\t<div class=\"elementor-widget-wrap elementor-element-populated\">\n\t\t\t\t\t\t<div class=\"elementor-element elementor-element-07bec2e elementor-widget elementor-widget-gva-heading-block\" data-id=\"07bec2e\" data-element_type=\"widget\" data-widget_type=\"gva-heading-block.default\">\n\t\t\t\t<div class=\"elementor-widget-container\">\n\t\t\t\t\t<div class=\"gva-element-gva-heading-block gva-element\">   <div class=\"align-left style-1 widget gsc-heading box-align-left auto-responsive\">\r\n      <div class=\"content-inner\">\r\n         \r\n                  \r\n           \r\n         \r\n                     <h2 class=\"title\">\r\n               <span>Accesorii<\/span>\r\n            <\/h2>\r\n                  \r\n                     <div class=\"title-desc\">Servicii Funerare Ritual Moldova dispune de un magazin specializat \u00een furnizarea de accesorii funerare de \u00eenalt\u0103 calitate, dedicat s\u0103 ofere sprijin \u0219i produse deosebite pentru momentele cele mai dificile din via\u021b\u0103.<\/div>\r\n         \r\n         \r\n      <\/div>\r\n   <\/div>\r\n<\/div>\t\t\t\t<\/div>\n\t\t\t\t<\/div>\n\t\t\t\t\t<\/div>\n\t\t<\/div>\n\t\t\t\t\t<\/div>\n\t\t<\/section>\n\t\t\t\t<section class=\"elementor-section elementor-top-section elementor-element elementor-element-ee08d72 elementor-section-boxed elementor-section-height-default elementor-section-height-default\" data-id=\"ee08d72\" data-element_type=\"section\">\n\t\t\t\t\t\t<div class=\"elementor-container elementor-column-gap-default\">\n\t\t\t\t\t<div class=\"elementor-column elementor-col-100 elementor-top-column elementor-element elementor-element-94ac45b\" data-id=\"94ac45b\" data-element_type=\"column\">\n\t\t\t<div class=\"elementor-widget-wrap elementor-element-populated\">\n\t\t\t\t\t\t<div class=\"elementor-element elementor-element-3d78299 elementor-widget elementor-widget-gva-heading-block\" data-id=\"3d78299\" data-element_type=\"widget\" data-widget_type=\"gva-heading-block.default\">\n\t\t\t\t<div class=\"elementor-widget-container\">\n\t\t\t\t\t<div class=\"gva-element-gva-heading-block gva-element\">   <div class=\"align-center style-1 widget gsc-heading box-align-left auto-responsive\">\r\n      <div class=\"content-inner\">\r\n         \r\n                  \r\n           \r\n         \r\n                     <h2 class=\"title\">\r\n               <span>\u00cen\u021belegem c\u00e2t de important este s\u0103 aduci un omagiu demn celor dragi, iar scopul nostru este s\u0103 asigur\u0103m tot ce este necesar pentru a crea o ceremonie funerar\u0103 respectuoas\u0103 \u0219i plin\u0103 de semnifica\u021bie.<\/span>\r\n            <\/h2>\r\n                  \r\n                     <div class=\"title-desc\">\u00cen cadrul magazinului nostru, ve\u021bi g\u0103si o gam\u0103 variat\u0103 de produse atent selec\u021bionate pentru a r\u0103spunde nevoilor fiec\u0103rei familii. Printre articolele noastre se num\u0103r\u0103:<\/div>\r\n         \r\n         \r\n      <\/div>\r\n   <\/div>\r\n<\/div>\t\t\t\t<\/div>\n\t\t\t\t<\/div>\n\t\t\t\t<section class=\"elementor-section elementor-inner-section elementor-element elementor-element-aaabf60 elementor-section-boxed elementor-section-height-default elementor-section-height-default\" data-id=\"aaabf60\" data-element_type=\"section\">\n\t\t\t\t\t\t<div class=\"elementor-container elementor-column-gap-default\">\n\t\t\t\t\t<div class=\"elementor-column elementor-col-33 elementor-inner-column elementor-element elementor-element-054c02e elementor-invisible\" data-id=\"054c02e\" data-element_type=\"column\" data-settings=\"{&quot;background_background&quot;:&quot;classic&quot;,&quot;animation&quot;:&quot;zoomIn&quot;}\">\n\t\t\t<div class=\"elementor-widget-wrap elementor-element-populated\">\n\t\t\t\t\t<div class=\"elementor-background-overlay\"><\/div>\n\t\t\t\t\t\t<div class=\"elementor-element elementor-element-18e70f2 elementor-widget elementor-widget-gva-icon-box-styles\" data-id=\"18e70f2\" data-element_type=\"widget\" data-widget_type=\"gva-icon-box-styles.default\">\n\t\t\t\t<div class=\"elementor-widget-container\">\n\t\t\t\t\t<div class=\"gva-element-gva-icon-box-styles gva-element\">\r\n   \r\n         <div class=\"widget gsc-icon-box-styles style-3\">\r\n         <div class=\"icon-box-content\">\r\n           \r\n                           <div class=\"icon-inner\">\r\n                  <span class=\"box-icon\">\r\n                     <i aria-hidden=\"true\" class=\"micon__file\"><\/i> \r\n                  <\/span>\r\n               <\/div>\r\n            \r\n            <div class=\"box-content\">\r\n                                 <h3 class=\"title\">\r\n                     Sicrie                  <\/h3>\r\n                                                <div class=\"desc\">Oferim o gam\u0103 larg\u0103 de sicrie.<\/div>\r\n                           <\/div>\r\n         <\/div> \r\n               <\/div>   \r\n   <\/div>\t\t\t\t<\/div>\n\t\t\t\t<\/div>\n\t\t\t\t\t<\/div>\n\t\t<\/div>\n\t\t\t\t<div class=\"elementor-column elementor-col-33 elementor-inner-column elementor-element elementor-element-319d897 elementor-invisible\" data-id=\"319d897\" data-element_type=\"column\" data-settings=\"{&quot;background_background&quot;:&quot;classic&quot;,&quot;animation&quot;:&quot;zoomIn&quot;,&quot;animation_delay&quot;:50}\">\n\t\t\t<div class=\"elementor-widget-wrap elementor-element-populated\">\n\t\t\t\t\t<div class=\"elementor-background-overlay\"><\/div>\n\t\t\t\t\t\t<div class=\"elementor-element elementor-element-3763e8d elementor-widget elementor-widget-gva-icon-box-styles\" data-id=\"3763e8d\" data-element_type=\"widget\" data-widget_type=\"gva-icon-box-styles.default\">\n\t\t\t\t<div class=\"elementor-widget-container\">\n\t\t\t\t\t<div class=\"gva-element-gva-icon-box-styles gva-element\">\r\n   \r\n         <div class=\"widget gsc-icon-box-styles style-3\">\r\n         <div class=\"icon-box-content\">\r\n           \r\n                           <div class=\"icon-inner\">\r\n                  <span class=\"box-icon\">\r\n                     <i aria-hidden=\"true\" class=\"micon__contract\"><\/i> \r\n                  <\/span>\r\n               <\/div>\r\n            \r\n            <div class=\"box-content\">\r\n                                 <h3 class=\"title\">\r\n                     Accesorii pentru sicrie                  <\/h3>\r\n                                                <div class=\"desc\">Cruci, \u0219i decora\u021biuni personalizate care adaug\u0103 un plus de elegan\u021b\u0103 \u0219i solemnitate.<\/div>\r\n                           <\/div>\r\n         <\/div> \r\n               <\/div>   \r\n   <\/div>\t\t\t\t<\/div>\n\t\t\t\t<\/div>\n\t\t\t\t\t<\/div>\n\t\t<\/div>\n\t\t\t\t<div class=\"elementor-column elementor-col-33 elementor-inner-column elementor-element elementor-element-5469709 elementor-invisible\" data-id=\"5469709\" data-element_type=\"column\" data-settings=\"{&quot;background_background&quot;:&quot;classic&quot;,&quot;animation&quot;:&quot;zoomIn&quot;,&quot;animation_delay&quot;:100}\">\n\t\t\t<div class=\"elementor-widget-wrap elementor-element-populated\">\n\t\t\t\t\t<div class=\"elementor-background-overlay\"><\/div>\n\t\t\t\t\t\t<div class=\"elementor-element elementor-element-80c8104 elementor-widget elementor-widget-gva-icon-box-styles\" data-id=\"80c8104\" data-element_type=\"widget\" data-widget_type=\"gva-icon-box-styles.default\">\n\t\t\t\t<div class=\"elementor-widget-container\">\n\t\t\t\t\t<div class=\"gva-element-gva-icon-box-styles gva-element\">\r\n   \r\n         <div class=\"widget gsc-icon-box-styles style-3\">\r\n         <div class=\"icon-box-content\">\r\n           \r\n                           <div class=\"icon-inner\">\r\n                  <span class=\"box-icon\">\r\n                     <i aria-hidden=\"true\" class=\"micon__file\"><\/i> \r\n                  <\/span>\r\n               <\/div>\r\n            \r\n            <div class=\"box-content\">\r\n                                 <h3 class=\"title\">\r\n                     Aranjamente florale                  <\/h3>\r\n                                                <div class=\"desc\">Coroane, co\u0219uri funerare realizate cu aten\u021bie la detalii, din flori artificiale, pentru a exprima cele mai profunde sentimente.<\/div>\r\n                           <\/div>\r\n         <\/div> \r\n               <\/div>   \r\n   <\/div>\t\t\t\t<\/div>\n\t\t\t\t<\/div>\n\t\t\t\t\t<\/div>\n\t\t<\/div>\n\t\t\t\t\t<\/div>\n\t\t<\/section>\n\t\t\t\t<section class=\"elementor-section elementor-inner-section elementor-element elementor-element-1856edb elementor-section-boxed elementor-section-height-default elementor-section-height-default\" data-id=\"1856edb\" data-element_type=\"section\">\n\t\t\t\t\t\t<div class=\"elementor-container elementor-column-gap-default\">\n\t\t\t\t\t<div class=\"elementor-column elementor-col-33 elementor-inner-column elementor-element elementor-element-610520c elementor-invisible\" data-id=\"610520c\" data-element_type=\"column\" data-settings=\"{&quot;background_background&quot;:&quot;classic&quot;,&quot;animation&quot;:&quot;zoomIn&quot;,&quot;animation_delay&quot;:150}\">\n\t\t\t<div class=\"elementor-widget-wrap elementor-element-populated\">\n\t\t\t\t\t<div class=\"elementor-background-overlay\"><\/div>\n\t\t\t\t\t\t<div class=\"elementor-element elementor-element-ac69335 elementor-widget elementor-widget-gva-icon-box-styles\" data-id=\"ac69335\" data-element_type=\"widget\" data-widget_type=\"gva-icon-box-styles.default\">\n\t\t\t\t<div class=\"elementor-widget-container\">\n\t\t\t\t\t<div class=\"gva-element-gva-icon-box-styles gva-element\">\r\n   \r\n         <div class=\"widget gsc-icon-box-styles style-3\">\r\n         <div class=\"icon-box-content\">\r\n           \r\n                           <div class=\"icon-inner\">\r\n                  <span class=\"box-icon\">\r\n                     <i aria-hidden=\"true\" class=\"micon__contract\"><\/i> \r\n                  <\/span>\r\n               <\/div>\r\n            \r\n            <div class=\"box-content\">\r\n                                 <h3 class=\"title\">\r\n                     Obiecte de comemorare                  <\/h3>\r\n                                                <div class=\"desc\">Fotoceramic\u0103, pl\u0103ci gravate \u0219i alte obiecte destinate s\u0103 p\u0103streze vie amintirea celor dragi.<\/div>\r\n                           <\/div>\r\n         <\/div> \r\n               <\/div>   \r\n   <\/div>\t\t\t\t<\/div>\n\t\t\t\t<\/div>\n\t\t\t\t\t<\/div>\n\t\t<\/div>\n\t\t\t\t<div class=\"elementor-column elementor-col-33 elementor-inner-column elementor-element elementor-element-1a07e38 elementor-invisible\" data-id=\"1a07e38\" data-element_type=\"column\" data-settings=\"{&quot;background_background&quot;:&quot;classic&quot;,&quot;animation&quot;:&quot;zoomIn&quot;,&quot;animation_delay&quot;:200}\">\n\t\t\t<div class=\"elementor-widget-wrap elementor-element-populated\">\n\t\t\t\t\t<div class=\"elementor-background-overlay\"><\/div>\n\t\t\t\t\t\t<div class=\"elementor-element elementor-element-bd6215c elementor-widget elementor-widget-gva-icon-box-styles\" data-id=\"bd6215c\" data-element_type=\"widget\" data-widget_type=\"gva-icon-box-styles.default\">\n\t\t\t\t<div class=\"elementor-widget-container\">\n\t\t\t\t\t<div class=\"gva-element-gva-icon-box-styles gva-element\">\r\n   \r\n         <div class=\"widget gsc-icon-box-styles style-3\">\r\n         <div class=\"icon-box-content\">\r\n           \r\n                           <div class=\"icon-inner\">\r\n                  <span class=\"box-icon\">\r\n                     <i aria-hidden=\"true\" class=\"micon__file\"><\/i> \r\n                  <\/span>\r\n               <\/div>\r\n            \r\n            <div class=\"box-content\">\r\n                                 <h3 class=\"title\">\r\n                     Decoruri pentru morm\u00e2nt                  <\/h3>\r\n                                                <div class=\"desc\">L\u0103mpi, felinare, vaze \u0219i alte accesorii, concepute pentru a \u00eenfrumuse\u021ba \u0219i a onora locul de odihn\u0103 etern\u0103.<\/div>\r\n                           <\/div>\r\n         <\/div> \r\n               <\/div>   \r\n   <\/div>\t\t\t\t<\/div>\n\t\t\t\t<\/div>\n\t\t\t\t\t<\/div>\n\t\t<\/div>\n\t\t\t\t<div class=\"elementor-column elementor-col-33 elementor-inner-column elementor-element elementor-element-9161986 elementor-invisible\" data-id=\"9161986\" data-element_type=\"column\" data-settings=\"{&quot;background_background&quot;:&quot;classic&quot;,&quot;animation&quot;:&quot;zoomIn&quot;,&quot;animation_delay&quot;:250}\">\n\t\t\t<div class=\"elementor-widget-wrap elementor-element-populated\">\n\t\t\t\t\t<div class=\"elementor-background-overlay\"><\/div>\n\t\t\t\t\t\t<div class=\"elementor-element elementor-element-0fa2ba4 elementor-widget elementor-widget-gva-icon-box-styles\" data-id=\"0fa2ba4\" data-element_type=\"widget\" data-widget_type=\"gva-icon-box-styles.default\">\n\t\t\t\t<div class=\"elementor-widget-container\">\n\t\t\t\t\t<div class=\"gva-element-gva-icon-box-styles gva-element\">\r\n   \r\n         <div class=\"widget gsc-icon-box-styles style-3\">\r\n         <div class=\"icon-box-content\">\r\n           \r\n                           <div class=\"icon-inner\">\r\n                  <span class=\"box-icon\">\r\n                     <i aria-hidden=\"true\" class=\"micon__contract\"><\/i> \r\n                  <\/span>\r\n               <\/div>\r\n            \r\n            <div class=\"box-content\">\r\n                                 <h3 class=\"title\">\r\n                     Consultan\u021b\u0103                  <\/h3>\r\n                                                <div class=\"desc\">Consultan\u0163ii no\u015ftri vor r\u0103spunde la toate \u00eentreb\u0103rile Dvs. \u015fi vor acorda ajutorul necesar la alegerea \u015fi preluarea cump\u0103r\u0103turilor.<\/div>\r\n                           <\/div>\r\n         <\/div> \r\n               <\/div>   \r\n   <\/div>\t\t\t\t<\/div>\n\t\t\t\t<\/div>\n\t\t\t\t\t<\/div>\n\t\t<\/div>\n\t\t\t\t\t<\/div>\n\t\t<\/section>\n\t\t\t\t<section class=\"elementor-section elementor-inner-section elementor-element elementor-element-463b5de elementor-section-boxed elementor-section-height-default elementor-section-height-default\" data-id=\"463b5de\" data-element_type=\"section\">\n\t\t\t\t\t\t<div class=\"elementor-container elementor-column-gap-default\">\n\t\t\t\t\t<div class=\"elementor-column elementor-col-100 elementor-inner-column elementor-element elementor-element-ebbb309\" data-id=\"ebbb309\" data-element_type=\"column\">\n\t\t\t<div class=\"elementor-widget-wrap elementor-element-populated\">\n\t\t\t\t\t\t<div class=\"elementor-element elementor-element-df52dcf elementor-widget elementor-widget-text-editor\" data-id=\"df52dcf\" data-element_type=\"widget\" data-widget_type=\"text-editor.default\">\n\t\t\t\t<div class=\"elementor-widget-container\">\n\t\t\t\t\t\t\t\t\t<p>Magazinul nostru este un loc unde respectul pentru tradi\u021bie se \u00eent\u00e2lne\u0219te cu dorin\u021ba de a oferi solu\u021bii moderne \u0219i personalizate. V\u0103 invit\u0103m s\u0103 ne vizita\u021bi pentru a descoperi toate op\u021biunile pe care le punem la dispozi\u021bie, \u0219i pentru a g\u0103si \u00eempreun\u0103 cele mai potrivite articole care s\u0103 reflecte dragostea \u0219i respectul fa\u021b\u0103 de cei care nu mai sunt printre noi.<\/p>\t\t\t\t\t\t\t\t<\/div>\n\t\t\t\t<\/div>\n\t\t\t\t\t<\/div>\n\t\t<\/div>\n\t\t\t\t\t<\/div>\n\t\t<\/section>\n\t\t\t\t\t<\/div>\n\t\t<\/div>\n\t\t\t\t\t<\/div>\n\t\t<\/section>\n\t\t\t\t<section class=\"elementor-section elementor-top-section elementor-element elementor-element-c6640ea elementor-section-boxed elementor-section-height-default elementor-section-height-default elementor-invisible\" data-id=\"c6640ea\" data-element_type=\"section\" data-settings=\"{&quot;animation&quot;:&quot;zoomIn&quot;}\">\n\t\t\t\t\t\t<div class=\"elementor-container elementor-column-gap-default\">\n\t\t\t\t\t<div class=\"elementor-column elementor-col-50 elementor-top-column elementor-element elementor-element-e0f5378\" data-id=\"e0f5378\" data-element_type=\"column\" data-settings=\"{&quot;background_background&quot;:&quot;classic&quot;}\">\n\t\t\t<div class=\"elementor-widget-wrap elementor-element-populated\">\n\t\t\t\t\t\t<div class=\"elementor-element elementor-element-c609c09 elementor-widget elementor-widget-spacer\" data-id=\"c609c09\" data-element_type=\"widget\" data-widget_type=\"spacer.default\">\n\t\t\t\t<div class=\"elementor-widget-container\">\n\t\t\t\t\t\t\t<div class=\"elementor-spacer\">\n\t\t\t<div class=\"elementor-spacer-inner\"><\/div>\n\t\t<\/div>\n\t\t\t\t\t\t<\/div>\n\t\t\t\t<\/div>\n\t\t\t\t\t<\/div>\n\t\t<\/div>\n\t\t\t\t<div class=\"elementor-column elementor-col-50 elementor-top-column elementor-element elementor-element-919ea17\" data-id=\"919ea17\" data-element_type=\"column\" data-settings=\"{&quot;background_background&quot;:&quot;gradient&quot;}\">\n\t\t\t<div class=\"elementor-widget-wrap elementor-element-populated\">\n\t\t\t\t\t<div class=\"elementor-background-overlay\"><\/div>\n\t\t\t\t\t\t<div class=\"elementor-element elementor-element-6bcafc7 elementor-widget elementor-widget-heading\" data-id=\"6bcafc7\" data-element_type=\"widget\" data-widget_type=\"heading.default\">\n\t\t\t\t<div class=\"elementor-widget-container\">\n\t\t\t\t\t<h2 class=\"elementor-heading-title elementor-size-default\">De ce s\u0103 alegi Servicii Funerare Ritual Moldova?<\/h2>\t\t\t\t<\/div>\n\t\t\t\t<\/div>\n\t\t\t\t<div class=\"elementor-element elementor-element-ba27150 elementor-icon-list--layout-traditional elementor-list-item-link-full_width elementor-widget elementor-widget-icon-list\" data-id=\"ba27150\" data-element_type=\"widget\" data-widget_type=\"icon-list.default\">\n\t\t\t\t<div class=\"elementor-widget-container\">\n\t\t\t\t\t\t\t<ul class=\"elementor-icon-list-items\">\n\t\t\t\t\t\t\t<li class=\"elementor-icon-list-item\">\n\t\t\t\t\t\t\t\t\t\t\t<span class=\"elementor-icon-list-icon\">\n\t\t\t\t\t\t\t<i aria-hidden=\"true\" class=\"fas fa-check-circle\"><\/i>\t\t\t\t\t\t<\/span>\n\t\t\t\t\t\t\t\t\t\t<span class=\"elementor-icon-list-text\">Profesionalism \u0219i Experien\u021b\u0103<\/span>\n\t\t\t\t\t\t\t\t\t<\/li>\n\t\t\t\t\t\t\t\t<li class=\"elementor-icon-list-item\">\n\t\t\t\t\t\t\t\t\t\t\t<span class=\"elementor-icon-list-icon\">\n\t\t\t\t\t\t\t<i aria-hidden=\"true\" class=\"fas fa-check-circle\"><\/i>\t\t\t\t\t\t<\/span>\n\t\t\t\t\t\t\t\t\t\t<span class=\"elementor-icon-list-text\">Empatie \u0219i Suport<\/span>\n\t\t\t\t\t\t\t\t\t<\/li>\n\t\t\t\t\t\t\t\t<li class=\"elementor-icon-list-item\">\n\t\t\t\t\t\t\t\t\t\t\t<span class=\"elementor-icon-list-icon\">\n\t\t\t\t\t\t\t<i aria-hidden=\"true\" class=\"fas fa-check-circle\"><\/i>\t\t\t\t\t\t<\/span>\n\t\t\t\t\t\t\t\t\t\t<span class=\"elementor-icon-list-text\">Transparen\u021b\u0103 \u0219i Corectitudine<\/span>\n\t\t\t\t\t\t\t\t\t<\/li>\n\t\t\t\t\t\t\t\t<li class=\"elementor-icon-list-item\">\n\t\t\t\t\t\t\t\t\t\t\t<span class=\"elementor-icon-list-icon\">\n\t\t\t\t\t\t\t<i aria-hidden=\"true\" class=\"fas fa-check-circle\"><\/i>\t\t\t\t\t\t<\/span>\n\t\t\t\t\t\t\t\t\t\t<span class=\"elementor-icon-list-text\">Respectarea Tradi\u021biilor<\/span>\n\t\t\t\t\t\t\t\t\t<\/li>\n\t\t\t\t\t\t<\/ul>\n\t\t\t\t\t\t<\/div>\n\t\t\t\t<\/div>\n\t\t\t\t\t<\/div>\n\t\t<\/div>\n\t\t\t\t\t<\/div>\n\t\t<\/section>\n\t\t\t\t<\/div>","protected":false},"excerpt":{"rendered":"<p>Accesorii Servicii Funerare Ritual Moldova dispune de un magazin specializat \u00een furnizarea de accesorii funerare de \u00eenalt\u0103 calitate, dedicat s\u0103 ofere sprijin \u0219i produse deosebite pentru momentele cele mai dificile din via\u021b\u0103. \u00cen\u021belegem c\u00e2t de important este s\u0103 aduci un omagiu demn celor dragi, iar scopul nostru este s\u0103 asigur\u0103m tot ce este necesar pentru [&hellip;]<\/p>","protected":false},"author":1,"featured_media":0,"parent":0,"menu_order":0,"comment_status":"closed","ping_status":"closed","template":"","meta":{"om_disable_all_campaigns":false,"footnotes":""},"class_list":["post-1185","page","type-page","status-publish","hentry"],"aioseo_notices":[],"_links":{"self":[{"href":"https:\/\/rit.md\/ru\/wp-json\/wp\/v2\/pages\/1185","targetHints":{"allow":["GET"]}}],"collection":[{"href":"https:\/\/rit.md\/ru\/wp-json\/wp\/v2\/pages"}],"about":[{"href":"https:\/\/rit.md\/ru\/wp-json\/wp\/v2\/types\/page"}],"author":[{"embeddable":true,"href":"https:\/\/rit.md\/ru\/wp-json\/wp\/v2\/users\/1"}],"replies":[{"embeddable":true,"href":"https:\/\/rit.md\/ru\/wp-json\/wp\/v2\/comments?post=1185"}],"version-history":[{"count":103,"href":"https:\/\/rit.md\/ru\/wp-json\/wp\/v2\/pages\/1185\/revisions"}],"predecessor-version":[{"id":1484,"href":"https:\/\/rit.md\/ru\/wp-json\/wp\/v2\/pages\/1185\/revisions\/1484"}],"wp:attachment":[{"href":"https:\/\/rit.md\/ru\/wp-json\/wp\/v2\/media?parent=1185"}],"curies":[{"name":"wp","href":"https:\/\/api.w.org\/{rel}","templated":true}]}}